{"id":43,"date":"2025-01-03T17:11:15","date_gmt":"2025-01-03T17:11:15","guid":{"rendered":"https:\/\/experience.iestudio.ec\/home\/home\/"},"modified":"2025-01-24T00:57:18","modified_gmt":"2025-01-24T00:57:18","slug":"inicio","status":"publish","type":"page","link":"https:\/\/experience.iestudio.ec\/home\/","title":{"rendered":"Mi perfil"},"content":{"rendered":"\n\n\n<p>Lorem Ipsum has been the industry&#8217;s standard dummy text ever since the 1500s.<\/p>\n\n\n<p><br><\/p>\n\t\t\t\t\t\n\t\t\t\t\tExperience Designer Senior. Enfocada en conectar con tus usuarios para crear experiencias digitales e h\u00edbridas memorables.&nbsp;<p>Comenc\u00e9 mi trayectoria en la Banca como UX con el objetivo de mejorar la interacci\u00f3n usuario-producto. Actualmente, he ampliado mi expertise hacia el CX y Full Stack, dise\u00f1ando estrategias hol\u00edsticas que impactan en cada punto de contacto con el cliente.&nbsp;<\/p><p>Apasionada por comprender las necesidades de los usuarios y traducirlas en soluciones innovadoras.<\/p>\n\n\n\n\n<font style=\"vertical-align: inherit;\"><font style=\"vertical-align: inherit;\"><font style=\"vertical-align: inherit;\"><font style=\"vertical-align: inherit;\">Dise\u00f1o de interacciones intuitivas para los usuarios, creando experiencias satisfactorias en cada clic, mediante el Dise\u00f1o Centrado en el Usuario.<\/font><\/font><\/font><\/font>\n\n\n<font style=\"vertical-align: inherit;\"><font style=\"vertical-align: inherit;\">Dominio de metodolog\u00edas Customer Centric. Conocer y desarrollar una cultura del cliente para estimar el retorno de la inversi\u00f3n en el negocio.<\/font><\/font>\n\n\n\n\n<h6>PLAN UX<\/h6>\n<h2>Dise\u00f1ar experiencias digitales intuitivas<\/h2>\n\n\n\n\n\n\n\n\n\n\n\n\n\n\n\n\n\n\n\n\n\n\n\n\n\n\n<h6>ESTRATEGIA CX<\/h6>\n<h2>Escuchar, dise\u00f1ar y transformar<\/h2>\n\n\n\n\n<font style=\"vertical-align: inherit;\"><font style=\"vertical-align: inherit;\"><font style=\"vertical-align: inherit;\"><font style=\"vertical-align: inherit;\">Creo o redise\u00f1o experiencias f\u00edsicas y\/o digitales observando cada touchpoint del cliente.<\/font><\/font><\/font><\/font>\n\n\n<p><p><span style=\"color: rgb(0, 0, 0);\">Escuchar a tus clientes y\/o colaboradores para capturar insights.<\/span><\/p><\/p>\n\n\n<font style=\"vertical-align: inherit;\"><font style=\"vertical-align: inherit;\">Levantamiento de los arquetipos que interact\u00faan con tu negocio.<\/font><\/font><div><font style=\"vertical-align: inherit;\"><font style=\"vertical-align: inherit;\"><br><\/font><\/font><\/div>\n\n\n\n\n<font style=\"vertical-align: inherit;\"><font style=\"vertical-align: inherit;\"><font style=\"vertical-align: inherit;\"><font style=\"vertical-align: inherit;\"><font style=\"vertical-align: inherit;\"><font style=\"vertical-align: inherit;\">ENPS,&nbsp;<\/font><\/font><\/font><\/font><\/font><\/font>NPS, CES, INS<p>y otras m\u00e9tricas de eficiencia, usabilidad, retorno.<\/p>\n\n\nEscuchar a tus clientes y\/o colaboradores es uno de los pasos m\u00e1s importantes para capturar los primeros insigths hacia el cambio.\n\n\n<font style=\"vertical-align: inherit;\"><font style=\"vertical-align: inherit;\">Promover el cambio involucrando a la organizaci\u00f3n para alcanzar la madurez.<\/font><\/font><div><font style=\"vertical-align: inherit;\"><font style=\"vertical-align: inherit;\"><br><\/font><\/font><\/div>\n\n\n\n\n\n\n\n\n\n\n\n\n\n\n\n\n\n\n\n\n\n\n\n\n\n\n\n\n\n\n\n\n\n\n","protected":false},"excerpt":{"rendered":"","protected":false},"author":1,"featured_media":0,"parent":0,"menu_order":0,"comment_status":"closed","ping_status":"closed","template":"","meta":{"_siteseo_robots_primary_cat":"","pagelayer_contact_templates":[],"_pagelayer_content":"","footnotes":""},"class_list":["post-43","page","type-page","status-publish","hentry"],"_links":{"self":[{"href":"https:\/\/experience.iestudio.ec\/home\/wp-json\/wp\/v2\/pages\/43","targetHints":{"allow":["GET"]}}],"collection":[{"href":"https:\/\/experience.iestudio.ec\/home\/wp-json\/wp\/v2\/pages"}],"about":[{"href":"https:\/\/experience.iestudio.ec\/home\/wp-json\/wp\/v2\/types\/page"}],"author":[{"embeddable":true,"href":"https:\/\/experience.iestudio.ec\/home\/wp-json\/wp\/v2\/users\/1"}],"replies":[{"embeddable":true,"href":"https:\/\/experience.iestudio.ec\/home\/wp-json\/wp\/v2\/comments?post=43"}],"version-history":[{"count":38,"href":"https:\/\/experience.iestudio.ec\/home\/wp-json\/wp\/v2\/pages\/43\/revisions"}],"predecessor-version":[{"id":150,"href":"https:\/\/experience.iestudio.ec\/home\/wp-json\/wp\/v2\/pages\/43\/revisions\/150"}],"wp:attachment":[{"href":"https:\/\/experience.iestudio.ec\/home\/wp-json\/wp\/v2\/media?parent=43"}],"curies":[{"name":"wp","href":"https:\/\/api.w.org\/{rel}","templated":true}]}}